{"id":1356,"date":"2022-04-28T09:30:38","date_gmt":"2022-04-28T09:30:38","guid":{"rendered":"http:\/\/techtyfu.com\/?page_id=1356"},"modified":"2022-05-17T12:06:44","modified_gmt":"2022-05-17T12:06:44","slug":"faq","status":"publish","type":"page","link":"https:\/\/techtyfu.com\/cy\/faq\/","title":{"rendered":"Cwestiynau Cyffredin"},"content":{"rendered":"<div data-elementor-type=\"wp-page\" data-elementor-id=\"1356\" class=\"elementor elementor-1356\" data-elementor-post-type=\"page\">\n\t\t\t\t\t\t<section class=\"elementor-section elementor-top-section elementor-element elementor-element-0acd1e3 elementor-section-height-min-height elementor-section-boxed elementor-section-height-default elementor-section-items-middle\" data-id=\"0acd1e3\" data-element_type=\"section\" data-e-type=\"section\" data-settings=\"{&quot;background_background&quot;:&quot;classic&quot;,&quot;jet_parallax_layout_list&quot;:[]}\">\n\t\t\t\t\t\t\t<div class=\"elementor-background-overlay\"><\/div>\n\t\t\t\t\t\t\t<div class=\"elementor-container elementor-column-gap-default\">\n\t\t\t\t\t<div class=\"elementor-column elementor-col-100 elementor-top-column elementor-element elementor-element-b08e544\" data-id=\"b08e544\" data-element_type=\"column\" data-e-type=\"column\">\n\t\t\t<div class=\"elementor-widget-wrap elementor-element-populated\">\n\t\t\t\t\t\t<div class=\"elementor-element elementor-element-f321849 elementor-widget elementor-widget-heading\" data-id=\"f321849\" data-element_type=\"widget\" data-e-type=\"widget\" data-widget_type=\"heading.default\">\n\t\t\t\t<div class=\"elementor-widget-container\">\n\t\t\t\t\t<h1 class=\"elementor-heading-title elementor-size-default\">Cwestiynau Cyffredin<\/h1>\t\t\t\t<\/div>\n\t\t\t\t<\/div>\n\t\t\t\t\t<\/div>\n\t\t<\/div>\n\t\t\t\t\t<\/div>\n\t\t<\/section>\n\t\t\t\t<section class=\"elementor-section elementor-top-section elementor-element elementor-element-034f786 elementor-section-boxed elementor-section-height-default elementor-section-height-default\" data-id=\"034f786\" data-element_type=\"section\" data-e-type=\"section\" data-settings=\"{&quot;jet_parallax_layout_list&quot;:[]}\">\n\t\t\t\t\t\t<div class=\"elementor-container elementor-column-gap-default\">\n\t\t\t\t\t<div class=\"elementor-column elementor-col-100 elementor-top-column elementor-element elementor-element-ba0c118\" data-id=\"ba0c118\" data-element_type=\"column\" data-e-type=\"column\">\n\t\t\t<div class=\"elementor-widget-wrap elementor-element-populated\">\n\t\t\t\t\t\t<div class=\"elementor-element elementor-element-3dc998b elementor-widget elementor-widget-heading\" data-id=\"3dc998b\" data-element_type=\"widget\" data-e-type=\"widget\" data-widget_type=\"heading.default\">\n\t\t\t\t<div class=\"elementor-widget-container\">\n\t\t\t\t\t<h4 class=\"elementor-heading-title elementor-size-default\">Ein cwestiynau mwyaf cyffredin<\/h4>\t\t\t\t<\/div>\n\t\t\t\t<\/div>\n\t\t\t\t\t<\/div>\n\t\t<\/div>\n\t\t\t\t\t<\/div>\n\t\t<\/section>\n\t\t\t\t<section class=\"elementor-section elementor-top-section elementor-element elementor-element-e4837a8 elementor-section-boxed elementor-section-height-default elementor-section-height-default\" data-id=\"e4837a8\" data-element_type=\"section\" data-e-type=\"section\" data-settings=\"{&quot;jet_parallax_layout_list&quot;:[]}\">\n\t\t\t\t\t\t<div class=\"elementor-container elementor-column-gap-default\">\n\t\t\t\t\t<div class=\"elementor-column elementor-col-100 elementor-top-column elementor-element elementor-element-4cd93b1\" data-id=\"4cd93b1\" data-element_type=\"column\" data-e-type=\"column\">\n\t\t\t<div class=\"elementor-widget-wrap elementor-element-populated\">\n\t\t\t\t\t\t<div class=\"elementor-element elementor-element-36883e1 elementor-widget elementor-widget-jet-accordion\" data-id=\"36883e1\" data-element_type=\"widget\" data-e-type=\"widget\" data-widget_type=\"jet-accordion.default\">\n\t\t\t\t<div class=\"elementor-widget-container\">\n\t\t\t\t\t\t\t\t\t<div class=\"jet-accordion\" data-settings=\"{&quot;collapsible&quot;:false,&quot;ajaxTemplate&quot;:false,&quot;switchScrolling&quot;:false,&quot;switchScrollingOffset&quot;:0,&quot;switchScrollingDelay&quot;:500}\">\n\t\t\t<div class=\"jet-accordion__inner\">\n\t\t\t\t<div class=\"jet-accordion__item jet-toggle jet-toggle-move-up-effect\">\n\t\t\t\t\t\t\t<div id=\"jet-toggle-control-5711\" class=\"jet-toggle__control elementor-menu-anchor\" data-toggle=\"1\" role=\"button\" tabindex=\"0\" aria-controls=\"jet-toggle-content-5711\" aria-expanded=\"false\" data-template-id=\"false\">\n\t\t\t\t\t\t\t\t<div class=\"jet-toggle__label-text\">Beth yw ffermio fertigol?<\/div>\t\t\t\t\t\t\t<\/div>\n\t\t\t\t\t\t\t<div id=\"jet-toggle-content-5711\" class=\"jet-toggle__content\" data-toggle=\"1\" role=\"region\" data-template-id=\"false\">\n\t\t\t\t\t\t\t\t<div class=\"jet-toggle__content-inner\"><p class=\"p1\">Mae ffermio fertigol yn ddull hydroponeg o dyfu bwyd mewn amgylchedd dan reolaeth dan do. Mae planhigion yn cael eu tyfu mewn modiwlau neu hambyrddau sy'n cael eu stacio ar ben ei gilydd a'u goleuo \u00e2 golau artiffisial. Yn hytrach na phridd, mae ffermydd fertigol yn bwydo eu cnydau \u00e2 chronfa o hydoddiant llawn maetholion sy'n cael ei bwmpio i'r cnwd planhigion.<\/p><\/div>\n\t\t\t\t\t\t\t<\/div>\n\t\t\t\t\t\t<\/div><div class=\"jet-accordion__item jet-toggle jet-toggle-move-up-effect\">\n\t\t\t\t\t\t\t<div id=\"jet-toggle-control-5712\" class=\"jet-toggle__control elementor-menu-anchor\" data-toggle=\"2\" role=\"button\" tabindex=\"0\" aria-controls=\"jet-toggle-content-5712\" aria-expanded=\"false\" data-template-id=\"false\">\n\t\t\t\t\t\t\t\t<div class=\"jet-toggle__label-text\">Beth yw manteision y dechneg hon?<\/div>\t\t\t\t\t\t\t<\/div>\n\t\t\t\t\t\t\t<div id=\"jet-toggle-content-5712\" class=\"jet-toggle__content\" data-toggle=\"2\" role=\"region\" data-template-id=\"false\">\n\t\t\t\t\t\t\t\t<div class=\"jet-toggle__content-inner\"><p class=\"p1\">Mae yna lawer! Gall tyfu bwyd ar ffermydd fertigol leihau gofynion defnydd d\u0175r hyd at 90%, yn ogystal \u00e2 chynnig gwell effeithlonrwydd defnyddio maetholion o gymharu \u00e2 ffermio confensiynol. Gan na ddefnyddir pridd, nid oes angen plaladdwyr fel arfer. Mae hyn yn golygu y gall ffermio fertigol helpu i leihau'r effaith amgylcheddol a gynhyrchir gan fwyd, yn ogystal \u00e2 gwella cynnyrch cnydau a chysondeb trwy leihau dylanwad straenwyr amgylcheddol ar gynhyrchu bwyd. Gan fod straenwyr o'r fath yn debygol o gynyddu gyda newid hinsawdd (perygl llifogydd uwch a pherygl sychder), gall amaethyddiaeth amgylchedd rheoledig felly helpu i ddiogelu cynhyrchiant bwyd.<\/p><\/div>\n\t\t\t\t\t\t\t<\/div>\n\t\t\t\t\t\t<\/div><div class=\"jet-accordion__item jet-toggle jet-toggle-move-up-effect\">\n\t\t\t\t\t\t\t<div id=\"jet-toggle-control-5713\" class=\"jet-toggle__control elementor-menu-anchor\" data-toggle=\"3\" role=\"button\" tabindex=\"0\" aria-controls=\"jet-toggle-content-5713\" aria-expanded=\"false\" data-template-id=\"false\">\n\t\t\t\t\t\t\t\t<div class=\"jet-toggle__label-text\">Beth yw'r anfanteision?<\/div>\t\t\t\t\t\t\t<\/div>\n\t\t\t\t\t\t\t<div id=\"jet-toggle-content-5713\" class=\"jet-toggle__content\" data-toggle=\"3\" role=\"region\" data-template-id=\"false\">\n\t\t\t\t\t\t\t\t<div class=\"jet-toggle__content-inner\"><p class=\"p1\">Mae yna nifer o heriau yn gysylltiedig \u00e2 ffermio fertigol, fel cost ynni uchel i weithredu'r pympiau a goleuadau artiffisial, sydd fel arfer yn weddol ynni-ddwys. Tra mewn rhai cyd-destunau, efallai y bydd tyfwyr yn gallu ymdopi heb ychwanegu at y lefelau golau, bydd araeau o ffermydd fertigol angen rhyw fath o olau fel arfer, gan mai ychydig iawn o olau\u2019r haul o uwchben fydd yn gallu cyrraedd dail y cnwd. Rhaid hefyd ystyried cost amgylcheddol y rhannau a chydosod y cyfarpar, ac mewn llawer o sefyllfaoedd ni fydd ffermio fertigol yn economaidd. Fodd bynnag, fel gyda phob technoleg amaeth, os defnyddir y dull yn y mannau cywir i dyfu\u2019r cnydau cywir, gallai\u2019r enillion wneud i fyny am y colledion. Un o amcanion prosiect Tech Tyfu yw archwilio lle gallai ffermio fertigol fod o werth arbennig, a pha rymoedd fydd yn pennu effeithiolrwydd cost.<\/p><\/div>\n\t\t\t\t\t\t\t<\/div>\n\t\t\t\t\t\t<\/div><div class=\"jet-accordion__item jet-toggle jet-toggle-move-up-effect\">\n\t\t\t\t\t\t\t<div id=\"jet-toggle-control-5714\" class=\"jet-toggle__control elementor-menu-anchor\" data-toggle=\"4\" role=\"button\" tabindex=\"0\" aria-controls=\"jet-toggle-content-5714\" aria-expanded=\"false\" data-template-id=\"false\">\n\t\t\t\t\t\t\t\t<div class=\"jet-toggle__label-text\">Pa mor fawr yw'r diwydiant?<\/div>\t\t\t\t\t\t\t<\/div>\n\t\t\t\t\t\t\t<div id=\"jet-toggle-content-5714\" class=\"jet-toggle__content\" data-toggle=\"4\" role=\"region\" data-template-id=\"false\">\n\t\t\t\t\t\t\t\t<div class=\"jet-toggle__content-inner\"><p class=\"p1\">Nid yw ffermio fertigol yn chwiw ecsentrig, arbenigol o bell ffordd, roedd y farchnad fyd-eang bresennol yn werth \u00a31.72bn yn 2018 a rhagwelir y bydd yn codi i \u00a39.84bn erbyn 2026, sydd i fod i ragori ar farchnadoedd mawr eraill mewn technoleg amaeth (fel biosymbylyddion). .<\/p><\/div>\n\t\t\t\t\t\t\t<\/div>\n\t\t\t\t\t\t<\/div><div class=\"jet-accordion__item jet-toggle jet-toggle-move-up-effect\">\n\t\t\t\t\t\t\t<div id=\"jet-toggle-control-5715\" class=\"jet-toggle__control elementor-menu-anchor\" data-toggle=\"5\" role=\"button\" tabindex=\"0\" aria-controls=\"jet-toggle-content-5715\" aria-expanded=\"false\" data-template-id=\"false\">\n\t\t\t\t\t\t\t\t<div class=\"jet-toggle__label-text\">Beth yw\u2019r rhesymeg dros ffermio fertigol yng Nghymru?<\/div>\t\t\t\t\t\t\t<\/div>\n\t\t\t\t\t\t\t<div id=\"jet-toggle-content-5715\" class=\"jet-toggle__content\" data-toggle=\"5\" role=\"region\" data-template-id=\"false\">\n\t\t\t\t\t\t\t\t<div class=\"jet-toggle__content-inner\"><p class=\"p1\">Mae\u2019r DU yn mewnforio bron i hanner ei bwyd, ac mae ein cadwyni cyflenwi bwyd yn agored i straen economaidd, gwleidyddol ac amgylcheddol. Gall ffermio fertigol chwarae rhan hanfodol wrth helpu i wneud amaethyddiaeth yn fwy gwydn i wrthsefyll newid yn yr hinsawdd ac aflonyddwch yn y gadwyn gyflenwi. Er ei bod yn cael ei gweld yn aml fel techneg drefol, gall fod cryn botensial i ffermio fertigol gael ei ddefnyddio mewn sectorau mwy gwledig fel Gogledd Cymru. Yn y maes hwn, mae gennym nifer sylweddol o fwytai pen uchel yn gysylltiedig \u00e2\u2019r diwydiant twristiaeth, ac mae gennym hefyd lawer o ffermwyr sy\u2019n edrych i arallgyfeirio eu dulliau cynhyrchu bwyd. Mae llawer o ffermwyr wedi gweld y potensial i \u00f4l-ffitio adeiladau amaethyddol gyda ffermydd fertigol, ac yng Nghymru, mae ffermwyr yn fedrus iawn wrth gynhyrchu a marchnata bwyd.<\/p><\/div>\n\t\t\t\t\t\t\t<\/div>\n\t\t\t\t\t\t<\/div><div class=\"jet-accordion__item jet-toggle jet-toggle-move-up-effect\">\n\t\t\t\t\t\t\t<div id=\"jet-toggle-control-5716\" class=\"jet-toggle__control elementor-menu-anchor\" data-toggle=\"6\" role=\"button\" tabindex=\"0\" aria-controls=\"jet-toggle-content-5716\" aria-expanded=\"false\" data-template-id=\"false\">\n\t\t\t\t\t\t\t\t<div class=\"jet-toggle__label-text\">Sut gallaf gymryd rhan?<\/div>\t\t\t\t\t\t\t<\/div>\n\t\t\t\t\t\t\t<div id=\"jet-toggle-content-5716\" class=\"jet-toggle__content\" data-toggle=\"6\" role=\"region\" data-template-id=\"false\">\n\t\t\t\t\t\t\t\t<div class=\"jet-toggle__content-inner\"><p class=\"p1\">Os oes gennych chi ddiddordeb mewn cymryd rhan yn ein prosiect Scale Up, mynegwch eich diddordeb ym mhrosiect ysgol Tech Tyfu Twf, neu ddim ond eisiau siarad \u00e2'r t\u00eem, cysylltwch \u00e2 <a href=\"mailto:techtyfu@mentermon.com\"><span class=\"s1\">techtyfu@mentermon.com<\/span><\/a> . Peidiwch ag anghofio ein dilyn ar gyfryngau cymdeithasol i gael y newyddion diweddaraf a chyfleoedd i gymryd rhan.<span class=\"Apple-converted-space\">\u00a0<\/span><\/p><\/div>\n\t\t\t\t\t\t\t<\/div>\n\t\t\t\t\t\t<\/div>\t\t\t<\/div>\n\t\t<\/div>\n\t\t\t\t\t\t<\/div>\n\t\t\t\t<\/div>\n\t\t\t\t\t<\/div>\n\t\t<\/div>\n\t\t\t\t\t<\/div>\n\t\t<\/section>\n\t\t\t\t<\/div>","protected":false},"excerpt":{"rendered":"<p>Our most frequently asked questions What is vertical farming? Vertical farming is a hydroponics method of growing food in a controlled, indoor environment. Plants are grown in modules or trays which are stacked on top of each other and illuminated with artificial light. Rather than soil, vertical farms feed their crops with a reservoir of [&hellip;]<\/p>\n","protected":false},"author":2,"featured_media":0,"parent":0,"menu_order":0,"comment_status":"closed","ping_status":"closed","template":"","meta":{"site-sidebar-layout":"no-sidebar","site-content-layout":"page-builder","ast-site-content-layout":"default","site-content-style":"default","site-sidebar-style":"default","ast-global-header-display":"","ast-banner-title-visibility":"","ast-main-header-display":"","ast-hfb-above-header-display":"","ast-hfb-below-header-display":"","ast-hfb-mobile-header-display":"","site-post-title":"disabled","ast-breadcrumbs-content":"","ast-featured-img":"disabled","footer-sml-layout":"","ast-disable-related-posts":"","theme-transparent-header-meta":"enabled","adv-header-id-meta":"","stick-header-meta":"","header-above-stick-meta":"","header-main-stick-meta":"","header-below-stick-meta":"","astra-migrate-meta-layouts":"default","ast-page-background-enabled":"default","ast-page-background-meta":{"desktop":{"background-color":"var(--ast-global-color-4)","background-image":"","background-repeat":"repeat","background-position":"center center","background-size":"auto","background-attachment":"scroll","background-type":"","background-media":"","overlay-type":"","overlay-color":"","overlay-opacity":"","overlay-gradient":""},"tablet":{"background-color":"","background-image":"","background-repeat":"repeat","background-position":"center center","background-size":"auto","background-attachment":"scroll","background-type":"","background-media":"","overlay-type":"","overlay-color":"","overlay-opacity":"","overlay-gradient":""},"mobile":{"background-color":"","background-image":"","background-repeat":"repeat","background-position":"center center","background-size":"auto","background-attachment":"scroll","background-type":"","background-media":"","overlay-type":"","overlay-color":"","overlay-opacity":"","overlay-gradient":""}},"ast-content-background-meta":{"desktop":{"background-color":"var(--ast-global-color-5)","background-image":"","background-repeat":"repeat","background-position":"center center","background-size":"auto","background-attachment":"scroll","background-type":"","background-media":"","overlay-type":"","overlay-color":"","overlay-opacity":"","overlay-gradient":""},"tablet":{"background-color":"var(--ast-global-color-5)","background-image":"","background-repeat":"repeat","background-position":"center center","background-size":"auto","background-attachment":"scroll","background-type":"","background-media":"","overlay-type":"","overlay-color":"","overlay-opacity":"","overlay-gradient":""},"mobile":{"background-color":"var(--ast-global-color-5)","background-image":"","background-repeat":"repeat","background-position":"center center","background-size":"auto","background-attachment":"scroll","background-type":"","background-media":"","overlay-type":"","overlay-color":"","overlay-opacity":"","overlay-gradient":""}},"footnotes":""},"class_list":["post-1356","page","type-page","status-publish","hentry"],"_links":{"self":[{"href":"https:\/\/techtyfu.com\/cy\/wp-json\/wp\/v2\/pages\/1356","targetHints":{"allow":["GET"]}}],"collection":[{"href":"https:\/\/techtyfu.com\/cy\/wp-json\/wp\/v2\/pages"}],"about":[{"href":"https:\/\/techtyfu.com\/cy\/wp-json\/wp\/v2\/types\/page"}],"author":[{"embeddable":true,"href":"https:\/\/techtyfu.com\/cy\/wp-json\/wp\/v2\/users\/2"}],"replies":[{"embeddable":true,"href":"https:\/\/techtyfu.com\/cy\/wp-json\/wp\/v2\/comments?post=1356"}],"version-history":[{"count":5,"href":"https:\/\/techtyfu.com\/cy\/wp-json\/wp\/v2\/pages\/1356\/revisions"}],"predecessor-version":[{"id":1930,"href":"https:\/\/techtyfu.com\/cy\/wp-json\/wp\/v2\/pages\/1356\/revisions\/1930"}],"wp:attachment":[{"href":"https:\/\/techtyfu.com\/cy\/wp-json\/wp\/v2\/media?parent=1356"}],"curies":[{"name":"wp","href":"https:\/\/api.w.org\/{rel}","templated":true}]}}